{"id":46,"date":"2020-04-23T15:34:04","date_gmt":"2020-04-23T15:34:04","guid":{"rendered":"http:\/\/gabriela-jacobsen-atelier.de\/?page_id=46"},"modified":"2020-04-23T16:14:51","modified_gmt":"2020-04-23T16:14:51","slug":"impressum","status":"publish","type":"page","link":"https:\/\/gabriela-jacobsen-atelier.de\/?page_id=46","title":{"rendered":"Impressum"},"content":{"rendered":"\n<pre class=\"wp-block-preformatted\">Impressum:\nBetreiber der Websites :\n<blockquote class=\"wp-embedded-content\" data-secret=\"BibbTjbITm\"><a href=\"http:\/\/gabriela-jacobsen-atelier.de\/\">Home<\/a><\/blockquote><iframe title=\"&#8222;Home&#8220; &#8212; Gabriela-Jacobsen-Atelier\" class=\"wp-embedded-content\" sandbox=\"allow-scripts\" security=\"restricted\" style=\"position: absolute; clip: rect(1px, 1px, 1px, 1px);\" src=\"http:\/\/gabriela-jacobsen-atelier.de\/?embed=true#?secret=BibbTjbITm\" data-secret=\"BibbTjbITm\" width=\"600\" height=\"338\" frameborder=\"0\" marginwidth=\"0\" marginheight=\"0\" scrolling=\"no\"><\/iframe>\nhttp:\/\/www.gabriela-jacobsen-atelier.com\nist J\u00fcrgen Knapp\n40597 D\u00fcsseldorf\ne-Mail : juergenknapp@unitybox.de\n\nDie Bilder Rechte liegen bei \nGabriela Angela Jacobsen\n\n\nHaftungsausschluss\n<strong>Haftung f\u00fcr InhalteDie Inhalte unserer Seiten wurden mit gr\u00f6\u00dfter <\/strong>\n<strong>Sorgfalt erstellt. F\u00fcr die Richtigkeit, Vollst\u00e4ndigkeit und <\/strong>\n<strong>Aktualit\u00e4t der Inhalte k\u00f6nnen wir jedoch keine Gew\u00e4hr \u00fcbernehmen.<\/strong>\n<strong> Als Diensteanbieter sind wir gem\u00e4\u00df \u00a7 7 Abs.1 TMG f\u00fcr eigene <\/strong>\n<strong>Inhalte auf diesen Seiten nach den allgemeinen Gesetzen <\/strong>\n<strong>verantwortlich. Nach \u00a7\u00a7 8 bis 10 TMG sind wir als Diensteanbieter<\/strong>\n<strong>jedoch nicht verpflichtet, \u00fcbermittelte oder gespeicherte fremde<\/strong>\n<strong>Informationen zu \u00fcberwachen oder nach Umst\u00e4nden zu forschen, die<\/strong>\n<strong>auf eine rechtswidrige T\u00e4tigkeit hinweisen. Verpflichtungen zur <\/strong>\nE<strong>ntfernung oder Sperrung der Nutzung von Informationen nach den <\/strong>\n<strong>allgemeinen Gesetzen bleiben hiervon unber\u00fchrt. Eine <\/strong>\n<strong>diesbez\u00fcgliche Haftung ist jedoch erst ab dem Zeitpunkt der <\/strong>\n<strong>Kenntnis einer konkreten Rechtsverletzung m\u00f6glich. Bei <\/strong>\n<strong>Bekanntwerden von entsprechenden Rechtsverletzungen werden wir <\/strong>\n<strong>diese Inhalte umgehend entfernen.<\/strong>\n\n<strong>Urheberrecht<\/strong>\n<strong>Die durch die Seitenbetreiber erstellten Inhalte und Werke auf <\/strong>\n<strong>diesen Seiten unterliegen dem deutschen Urheberrecht. Die <\/strong>\n<strong>Vervielf\u00e4ltigung, Bearbeitung, Verbreitung und jede Art der <\/strong>\n<strong>Verwertung au\u00dferhalb der Grenzen des Urheberrechtes bed\u00fcrfen der <\/strong>\n<strong>schriftlichen Zustimmung des jeweiligen Autors bzw. Erstellers. <\/strong>\n<strong>Downloads und Kopien dieser Seite sind nicht gestattet. Soweit <\/strong>\n<strong>die Inhalte auf dieser Seite nicht vom Betreiber erstellt wurden,<\/strong>\n<strong>werden die Urheberrechte Dritter beachtet. Insbesondere werden <\/strong>\n<strong>Inhalte Dritter als solche gekennzeichnet. Sollten Sie trotzdem <\/strong>\n<strong>auf eine Urheberrechtsverletzung aufmerksam werden, bitten wir um<\/strong>\n<strong>einen entsprechenden Hinweis. Bei Bekanntwerden von <\/strong>\n<strong>Rechtsverletzungen werden wir derartige Inhalte umgehend <\/strong>\nE<strong>ntfernen.\n\n<\/strong>Datenschutz\n<strong>Die Nutzung unserer Webseite ist in der Regel ohne Angabe <\/strong>\n<strong>personenbezogener Daten m\u00f6glich. Soweit auf unseren Seiten <\/strong>\n<strong>personenbezogene Daten (beispielsweise Name, Anschrift oder <\/strong>\n<strong>eMail-Adressen) erhoben werden, erfolgt dies, soweit m\u00f6glich, <\/strong>\n<strong>stets auf freiwilliger Basis. Diese Daten werden ohne Ihre <\/strong>\n<strong>ausdr\u00fcckliche Zustimmung nicht an Dritte weitergegeben.Wir weisen <\/strong>\n<strong>darauf hin, dass die Daten\u00fcbertragung im Internet (z.B. bei der <\/strong>\n<strong>Kommunikation per E-Mail) Sicherheitsl\u00fccken aufweisen kann. Ein <\/strong>\n<strong>l\u00fcckenloser Schutz der Daten vor dem Zugriff durch Dritte ist <\/strong>\n<strong>nicht m\u00f6glich.Der Nutzung von im Rahmen der Impressumspflicht <\/strong>\n<strong>ver\u00f6ffentlichten Kontaktdaten durch Dritte zur \u00dcbersendung von <\/strong>\n<strong>nicht ausdr\u00fccklich angeforderter Werbung und <\/strong>\n<strong>Informationsmaterialien wird hiermit ausdr\u00fccklich widersprochen. <\/strong>\n<strong>Die Betreiber der Seiten behalten sich ausdr\u00fccklich rechtliche <\/strong>\n<strong>Schritte im Falle der unverlangten Zusendung von <\/strong>\n<strong>Werbeinformationen, etwa durch Spam-Mails, vor.<\/strong>\nCookies\n<strong>Wie viele andere Webseiten verwenden wir auch so genannte <\/strong>\n<strong>\u201eCookies\u201c. Cookies sind kleine Textdateien, die von einem <\/strong>\n<strong>Websiteserver auf Ihre Festplatte \u00fcbertragen werden. Hierdurch <\/strong>\n<strong>erhalten wir automatisch bestimmte Daten wie z. B. IP-Adresse, <\/strong>\n<strong>verwendeter Browser, Betriebssystem und Ihre Verbindung zum <\/strong>\n<strong>Internet.Cookies k\u00f6nnen nicht verwendet werden, um Programme zu <\/strong>\n<strong>starten oder Viren auf einen Computer zu \u00fcbertragen. Anhand der <\/strong>\n<strong>in Cookies enthaltenen Informationen k\u00f6nnen wir Ihnen die <\/strong>\n<strong>Navigation erleichtern und die korrekte Anzeige unserer Webseiten<\/strong>\n<strong>erm\u00f6glichen.In keinem Fall werden die von uns erfassten Daten an <\/strong>\n<strong>Dritte weitergegeben oder ohne Ihre Einwilligung eine Verkn\u00fcpfung <\/strong>\n<strong>mit personenbezogenen Daten hergestellt.Nat\u00fcrlich k\u00f6nnen Sie <\/strong>\n<strong>unsere Website grunds\u00e4tzlich auch ohne Cookies betrachten. <\/strong>\n<strong>Internet-Browser sind regelm\u00e4\u00dfig so eingestellt, dass sie Cookies <\/strong>\n<strong>akzeptieren. Im Allgemeinen k\u00f6nnen Sie die Verwendung von Cookies <\/strong>\n<strong>jederzeit \u00fcber die Einstellungen Ihres Browsers deaktivieren. <\/strong>\n<strong>Bitte verwenden Sie die Hilfefunktionen Ihres Internetbrowsers, <\/strong>\n<strong>um zu erfahren, wie Sie diese Einstellungen \u00e4ndern k\u00f6nnen. Bitte <\/strong>\n<strong>beachten Sie, dass einzelne Funktionen unserer Website <\/strong>\n<strong>m\u00f6glicherweise nicht funktionieren, wenn Sie die Verwendung von <\/strong>\n<strong>Cookies deaktiviert haben.<\/strong>\nSSL-Verschl\u00fcsselung\n<strong>Um die Sicherheit Ihrer Daten bei der \u00dcbertragung zu sch\u00fctzen, <\/strong>\n<strong>verwenden wir dem aktuellen Stand der Technik entsprechende <\/strong>\n<strong>Verschl\u00fcsselungsverfahren (z. B. SSL) \u00fcber HTTPS.<\/strong>\n<\/pre>\n","protected":false},"excerpt":{"rendered":"<p>Impressum: Betreiber der Websites : Home http:\/\/www.gabriela-jacobsen-atelier.com ist J\u00fcrgen Knapp 40597 D\u00fcsseldorf e-Mail : juergenknapp@unitybox.de Die Bilder Rechte liegen bei Gabriela Angela Jacobsen Haftungsausschluss Haftung f\u00fcr InhalteDie Inhalte unserer Seiten wurden mit gr\u00f6\u00dfter Sorgfalt erstellt. F\u00fcr die Richtigkeit, Vollst\u00e4ndigkeit und Aktualit\u00e4t der Inhalte k\u00f6nnen wir jedoch keine Gew\u00e4hr \u00fcbernehmen. Als Diensteanbieter sind wir gem\u00e4\u00df \u00a7 7 Abs.1 TMG f\u00fcr eigene Inhalte auf diesen Seiten nach den allgemeinen Gesetzen verantwortlich. Nach \u00a7\u00a7 8 bis 10 TMG sind wir als Diensteanbieter jedoch&#8230;<\/p>\n<p class=\"read-more\"><a class=\"btn btn-default\" href=\"https:\/\/gabriela-jacobsen-atelier.de\/?page_id=46\">Weiterlesen<span class=\"screen-reader-text\"> Weiterlesen<\/span><\/a><\/p>\n","protected":false},"author":1,"featured_media":0,"parent":0,"menu_order":0,"comment_status":"closed","ping_status":"closed","template":"","meta":[],"_links":{"self":[{"href":"https:\/\/gabriela-jacobsen-atelier.de\/index.php?rest_route=\/wp\/v2\/pages\/46"}],"collection":[{"href":"https:\/\/gabriela-jacobsen-atelier.de\/index.php?rest_route=\/wp\/v2\/pages"}],"about":[{"href":"https:\/\/gabriela-jacobsen-atelier.de\/index.php?rest_route=\/wp\/v2\/types\/page"}],"author":[{"embeddable":true,"href":"https:\/\/gabriela-jacobsen-atelier.de\/index.php?rest_route=\/wp\/v2\/users\/1"}],"replies":[{"embeddable":true,"href":"https:\/\/gabriela-jacobsen-atelier.de\/index.php?rest_route=%2Fwp%2Fv2%2Fcomments&post=46"}],"version-history":[{"count":4,"href":"https:\/\/gabriela-jacobsen-atelier.de\/index.php?rest_route=\/wp\/v2\/pages\/46\/revisions"}],"predecessor-version":[{"id":107,"href":"https:\/\/gabriela-jacobsen-atelier.de\/index.php?rest_route=\/wp\/v2\/pages\/46\/revisions\/107"}],"wp:attachment":[{"href":"https:\/\/gabriela-jacobsen-atelier.de\/index.php?rest_route=%2Fwp%2Fv2%2Fmedia&parent=46"}],"curies":[{"name":"wp","href":"https:\/\/api.w.org\/{rel}","templated":true}]}}