{"id":2,"date":"2016-05-10T03:48:21","date_gmt":"2016-05-10T03:48:21","guid":{"rendered":"http:\/\/gabriela-jacobsen-atelier.de\/?page_id=2"},"modified":"2023-05-01T09:04:48","modified_gmt":"2023-05-01T09:04:48","slug":"sample-page","status":"publish","type":"page","link":"https:\/\/gabriela-jacobsen-atelier.de\/","title":{"rendered":"Home"},"content":{"rendered":"\n<h1 class=\"has-text-align-center wp-block-heading\">Willkommen auf meiner Webseite<\/h1>\n\n\n\n<p class=\"has-text-align-left has-medium-font-size\">Jede Art von Kreativit\u00e4t und Kunst kommt vom Sch\u00f6pfer aller <br>Dinge, Elohim.Gott spricht auch heute noch und seine Schafe h\u00f6ren <br>seine Stimme. Die Bilder inspiriert durch den heiligen Geist <br>haben eine Botschaft von Gott f\u00fcr dich. Das ist mein Ziel, das du <br>von einem Bild im Herzen ber\u00fchrt wirst, das Gottes Botschaft und<br>Kraft aus diesem Bild zu dir fliesst. So unterschiedlich und <br>einzigartig wir alle geschaffen sind, so kann ein Bild pers\u00f6nlich<br>zu dir sprechen. In der Galerie findest du einige Bilder und es <br>kommen immer wieder neue dazu. Wenn dich ein Bild anspricht, so <br>kannst du mich \u00fcber E- Mail oder Facebook Messenger kontaktieren.<br>Dann k\u00f6nnen wir gern weitere Details besprechen. Z.B. auch <br>W\u00fcnsche wie Farben, Format oder Ideen von dir.<br>\ufeff<\/p>\n","protected":false},"excerpt":{"rendered":"<p>Willkommen auf meiner Webseite Jede Art von Kreativit\u00e4t und Kunst kommt vom Sch\u00f6pfer aller Dinge, Elohim.Gott spricht auch heute noch und seine Schafe h\u00f6ren seine Stimme. Die Bilder inspiriert durch den heiligen Geist haben eine Botschaft von Gott f\u00fcr dich. Das ist mein Ziel, das du von einem Bild im Herzen ber\u00fchrt wirst, das Gottes Botschaft undKraft aus diesem Bild zu dir fliesst. So unterschiedlich und einzigartig wir alle geschaffen sind, so kann ein Bild pers\u00f6nlichzu dir sprechen. In der&#8230;<\/p>\n<p class=\"read-more\"><a class=\"btn btn-default\" href=\"https:\/\/gabriela-jacobsen-atelier.de\/\">Weiterlesen<span class=\"screen-reader-text\"> Weiterlesen<\/span><\/a><\/p>\n","protected":false},"author":1,"featured_media":0,"parent":0,"menu_order":0,"comment_status":"closed","ping_status":"open","template":"","meta":[],"_links":{"self":[{"href":"https:\/\/gabriela-jacobsen-atelier.de\/index.php?rest_route=\/wp\/v2\/pages\/2"}],"collection":[{"href":"https:\/\/gabriela-jacobsen-atelier.de\/index.php?rest_route=\/wp\/v2\/pages"}],"about":[{"href":"https:\/\/gabriela-jacobsen-atelier.de\/index.php?rest_route=\/wp\/v2\/types\/page"}],"author":[{"embeddable":true,"href":"https:\/\/gabriela-jacobsen-atelier.de\/index.php?rest_route=\/wp\/v2\/users\/1"}],"replies":[{"embeddable":true,"href":"https:\/\/gabriela-jacobsen-atelier.de\/index.php?rest_route=%2Fwp%2Fv2%2Fcomments&post=2"}],"version-history":[{"count":7,"href":"https:\/\/gabriela-jacobsen-atelier.de\/index.php?rest_route=\/wp\/v2\/pages\/2\/revisions"}],"predecessor-version":[{"id":280,"href":"https:\/\/gabriela-jacobsen-atelier.de\/index.php?rest_route=\/wp\/v2\/pages\/2\/revisions\/280"}],"wp:attachment":[{"href":"https:\/\/gabriela-jacobsen-atelier.de\/index.php?rest_route=%2Fwp%2Fv2%2Fmedia&parent=2"}],"curies":[{"name":"wp","href":"https:\/\/api.w.org\/{rel}","templated":true}]}}