{"id":19,"date":"2020-04-23T15:26:27","date_gmt":"2020-04-23T15:26:27","guid":{"rendered":"http:\/\/gabriela-jacobsen-atelier.de\/?page_id=19"},"modified":"2020-04-23T15:27:42","modified_gmt":"2020-04-23T15:27:42","slug":"ueber-mich","status":"publish","type":"page","link":"https:\/\/gabriela-jacobsen-atelier.de\/?page_id=19","title":{"rendered":"\u00dcber Mich"},"content":{"rendered":"\n<div class=\"wp-block-image\"><figure class=\"aligncenter size-large is-resized\"><img decoding=\"async\" loading=\"lazy\" src=\"http:\/\/gabriela-jacobsen-atelier.de\/wp-content\/uploads\/2020\/04\/2.jpg\" alt=\"\" class=\"wp-image-22\" width=\"288\" height=\"287\" srcset=\"https:\/\/gabriela-jacobsen-atelier.de\/wp-content\/uploads\/2020\/04\/2.jpg 959w, https:\/\/gabriela-jacobsen-atelier.de\/wp-content\/uploads\/2020\/04\/2-300x300.jpg 300w, https:\/\/gabriela-jacobsen-atelier.de\/wp-content\/uploads\/2020\/04\/2-150x150.jpg 150w, https:\/\/gabriela-jacobsen-atelier.de\/wp-content\/uploads\/2020\/04\/2-768x769.jpg 768w, https:\/\/gabriela-jacobsen-atelier.de\/wp-content\/uploads\/2020\/04\/2-270x270.jpg 270w\" sizes=\"(max-width: 288px) 100vw, 288px\" \/><\/figure><\/div>\n\n\n\n<p class=\"has-drop-cap has-medium-font-size\">Ich bin Jahrgang 1967 in Hamburg geboren, verheiratet und Mutter von 5 Kindern. Seit 2001 lebe ich in Bayern. Seitdem hat sich mein Leben komplett ver\u00e4ndert. Gott hat sich in meinem Leben schon so verherrlicht, das ich auch heute noch begeistert bin. Nach einem total kaputten Leben mit Drogen und Perspektivlosigkeit lernte ich 2001 Jesus Christus kennen und lieben. Keiner hat damals noch an mich geglaubt, aber er hatte einen Plan und eine Zukunft f\u00fcr mich. Wow, was f\u00fcr ein Gott, der den der vor der Welt t\u00f6richt ist erw\u00e4hlt hat, da\u00df er die Weisen zu Schande mache, und was schwach ist vor der Welt, das hat Gott erw\u00e4hlt, da\u00df er zu Schanden mache was stark ist. Gl\u00fccklicherweise erlebe ich, das Alte ist vergangen, siehe ein Neues ist geworden. Danke Jesus<\/p>\n","protected":false},"excerpt":{"rendered":"<p>Ich bin Jahrgang 1967 in Hamburg geboren, verheiratet und Mutter von 5 Kindern. Seit 2001 lebe ich in Bayern. Seitdem hat sich mein Leben komplett ver\u00e4ndert. Gott hat sich in meinem Leben schon so verherrlicht, das ich auch heute noch begeistert bin. Nach einem total kaputten Leben mit Drogen und Perspektivlosigkeit lernte ich 2001 Jesus Christus kennen und lieben. Keiner hat damals noch an mich geglaubt, aber er hatte einen Plan und eine Zukunft f\u00fcr mich. Wow, was f\u00fcr ein&#8230;<\/p>\n<p class=\"read-more\"><a class=\"btn btn-default\" href=\"https:\/\/gabriela-jacobsen-atelier.de\/?page_id=19\">Weiterlesen<span class=\"screen-reader-text\"> Weiterlesen<\/span><\/a><\/p>\n","protected":false},"author":1,"featured_media":0,"parent":0,"menu_order":0,"comment_status":"closed","ping_status":"closed","template":"","meta":[],"_links":{"self":[{"href":"https:\/\/gabriela-jacobsen-atelier.de\/index.php?rest_route=\/wp\/v2\/pages\/19"}],"collection":[{"href":"https:\/\/gabriela-jacobsen-atelier.de\/index.php?rest_route=\/wp\/v2\/pages"}],"about":[{"href":"https:\/\/gabriela-jacobsen-atelier.de\/index.php?rest_route=\/wp\/v2\/types\/page"}],"author":[{"embeddable":true,"href":"https:\/\/gabriela-jacobsen-atelier.de\/index.php?rest_route=\/wp\/v2\/users\/1"}],"replies":[{"embeddable":true,"href":"https:\/\/gabriela-jacobsen-atelier.de\/index.php?rest_route=%2Fwp%2Fv2%2Fcomments&post=19"}],"version-history":[{"count":3,"href":"https:\/\/gabriela-jacobsen-atelier.de\/index.php?rest_route=\/wp\/v2\/pages\/19\/revisions"}],"predecessor-version":[{"id":24,"href":"https:\/\/gabriela-jacobsen-atelier.de\/index.php?rest_route=\/wp\/v2\/pages\/19\/revisions\/24"}],"wp:attachment":[{"href":"https:\/\/gabriela-jacobsen-atelier.de\/index.php?rest_route=%2Fwp%2Fv2%2Fmedia&parent=19"}],"curies":[{"name":"wp","href":"https:\/\/api.w.org\/{rel}","templated":true}]}}